{"id":113,"date":"2024-04-22T16:12:03","date_gmt":"2024-04-22T16:12:03","guid":{"rendered":"http:\/\/193.194.89.193\/wp_lvrgt\/?page_id=113"},"modified":"2024-11-12T15:44:33","modified_gmt":"2024-11-12T15:44:33","slug":"doctorat","status":"publish","type":"page","link":"https:\/\/lvrgt.usthb.dz\/index.php\/doctorat\/","title":{"rendered":"Doctorat"},"content":{"rendered":"\n<p>1- IKHLEFHOUM KARIM :<\/p>\n\n\n\n<p>\u0627\u0644\u064a\u0629 \u0627\u0644\u0645\u062e\u0627\u0644\u0641\u0627\u062a \u0627\u0644\u0639\u0645\u0631\u0627\u0646\u064a\u0629 \u0641\u064a \u0627\u0644\u062c\u0632\u0627\u0626\u0631 \u0627\u0644\u0645\u062e\u0627\u0644\u0641\u0627\u062a \u0627\u0644\u0639\u0645\u0631\u0627\u0646\u064a\u0629 \u0641\u064a \u0627\u0644\u062c\u0632\u0627\u0626\u0631 \u0627\u062a \u0627\u0644\u062a\u062e\u0637\u064a\u0637 \u0627\u0644\u062d\u0636\u0631\u064a \u0648\u0625\u0634\u0643<\/p>\n\n\n\n<p>Promoteur : Pr ZIANE Mahfoud. Soutenue en 2020<\/p>\n\n\n\n<p>2- These de doctorat en g\u00e9ographie et Am\u00e9nagement du Territoire, Sp\u00e9cialit\u00e9 : am\u00e9nagement Touristique durables du Territoire, pr\u00e9sent\u00e9e par Mme. KELFAOUI Amel. La Mise en tourisme dans la Kabylie entre planification et d\u00e9veloppement R\u00e9gional , cas de la wilaya de Tizi Ouzou.D\u00e9rig\u00e9 par le professeur Mr REZZAZ Mohamed Adessamed ; soutenue publiquement le : 30\/10\/2023.<\/p>\n\n\n\n<p>3- Th\u00e8se de doctorat en g\u00e9ographie et Am\u00e9nagement du Territoire, Sp\u00e9cialit\u00e9 : Ville, risques et am\u00e9nagement, pr\u00e9sent\u00e9e par SEDDIKI ASMA : Evaluation du risque li\u00e9 \u00e0 l\u2019industrie \u00e9nerg\u00e9tique, cas de la wilaya d\u2019Alger. Dirig\u00e9e par le professeur DRIAS AMMAR, soutenue en 2022.<\/p>\n\n\n\n<p>4- Th\u00e8se de doctorat en g\u00e9ographie et Am\u00e9nagement du Territoire, Sp\u00e9cialit\u00e9 : Ville, risques et am\u00e9nagement, pr\u00e9sent\u00e9e par TAIBI Youcef : L\u2019activit\u00e9 industrielle et son impact sur les mutations urbaines, cas de la ville de Hassi Rmel , wilaya de Laghouat. Dirig\u00e9e par le professeur CHADLI Mohammed, soutenue en 2023.<\/p>\n\n\n\n<p>5- Th\u00e8se de doctorat en g\u00e9ographie et Am\u00e9nagement du Territoire, Sp\u00e9cialit\u00e9 : Am\u00e9nagement des milieux ruraux , pr\u00e9sent\u00e9e par OUARET Hamza : L&#8217;impact de l&#8217;activit\u00e9 agricole sur l&#8217;environnement. Dirig\u00e9e par le professeur DERIAS Amar, Soutenue en 2023.<\/p>\n\n\n\n<p>6-\u0623\u0637\u0631\u0648\u062d\u0629 \u0645\u0642\u062f\u0645\u0629 \u0644\u0646\u064a\u0644 \u062f\u0631\u062c\u0629 \u062f\u0643\u062a\u0648\u0631\u0627\u0647 \u0641\u064a \u0627\u0644\u062c\u063a\u0640\u0631\u0627\u0641\u064a\u0627 \u0648\u0627\u0644\u062a\u0647\u064a\u0626\u0629 \u0627\u0644\u0639\u0645\u0631\u0627\u0646\u064a\u0629\u060c \u062a\u062e\u0635\u0635: \u0627\u0644\u062a\u0647\u064a\u0626\u0629 \u0627\u0644\u0633\u064a\u0627\u062d\u064a\u0629 \u0627\u0644\u0645\u0633\u062a\u062f\u0627\u0645\u0629 \u0644\u0644\u0625\u0642\u0644\u064a\u0645 \u0625\u0639\u062f\u0627\u062f \u0627\u0644\u0628\u0627\u062d\u062b\u0629: \u0628\u0648\u0644\u0633\u0646\u0627\u0646 \u0622\u0645\u0627\u0644 \u0628\u0639\u0646\u0648\u0627\u0646: \u0648\u0627\u0642\u0639 \u0627\u0644\u062a\u0631\u0627\u062b \u0627\u0644\u0639\u0645\u0631\u0627\u0646\u064a \u0648\u062f\u0648\u0631\u0647 \u0641\u064a \u0627\u0644\u062a\u0646\u0645\u064a\u0629 \u0627\u0644\u0633\u064a\u0627\u062d\u064a\u0629 \u0628\u062d\u0648\u0636 \u0648\u0627\u062f\u064a \u0627\u0644\u0623\u0628\u064a\u0636 \u0648\u0648\u0627\u062f\u064a \u0639\u0628\u062f\u064a \u0628\u062c\u0628\u0627\u0644 \u0627\u0644\u0623\u0648\u0631\u0627\u0633\u060c \u0627\u0634\u0631\u0627\u0641 \u0627\u0644\u0627\u0633\u062a\u0627\u0630 \u0632\u0631\u0627\u064a\u0628 \u0635\u0627\u0644\u062d \u0648\u0627\u0644\u0627\u0633\u062a\u0627\u0630 \u0631\u0632\u0627\u0632 \u0645\u062d\u0645\u062f \u0639\u0628\u062f \u0627\u0644\u0635\u0645\u062f\u060c \u0646\u0648\u0642\u0634\u062a \u064a\u0648\u0645 23 \u0646\u0648\u0641\u0645\u0628\u0631 2023<\/p>\n\n\n\n<p>7-\u0623\u0637\u0631\u0648\u062d\u0629 \u0645\u0642\u062f\u0645\u0629 \u0644\u0646\u064a\u0644 \u062f\u0631\u062c\u0629 \u062f\u0643\u062a\u0648\u0631\u0627\u0647 \u0641\u064a \u0627\u0644\u062c\u063a\u0640\u0631\u0627\u0641\u064a\u0627 \u0648\u0627\u0644\u062a\u0647\u064a\u0626\u0629 \u0627\u0644\u0639\u0645\u0631\u0627\u0646\u064a\u0629\u060c \u062a\u062e\u0635\u0635: \u0627\u0644\u062a\u0647\u064a\u0626\u0629 \u0627\u0644\u0633\u064a\u0627\u062d\u064a\u0629 \u0627\u0644\u0645\u0633\u062a\u062f\u0627\u0645\u0629 \u0644\u0644\u0625\u0642\u0644\u064a\u0645 \u0645\u0646 \u0625\u0639\u062f\u0627\u062f \u0627\u0644\u0628\u0627\u062d\u062b\u0629: \u0643\u0644\u0641\u0627\u0648\u064a \u0623\u0645\u0627\u0644 \u0628\u0639\u0646\u0648\u0627\u0646: \u0627\u0644\u0646\u0634\u0627\u0637 \u0627\u0644\u0633\u064a\u0627\u062d\u064a \u0641\u064a \u0645\u0646\u0637\u0642\u0629 \u0627\u0644\u0642\u0628\u0627\u0626\u0644 \u0628\u064a\u0646 \u0627\u0644\u062a\u062e\u0637\u064a\u0637 \u0648\u0627\u0644\u062a\u0646\u0645\u064a\u0629 \u0627\u0644\u0625\u0642\u0644\u064a\u0645\u064a\u0629 \u062d\u0627\u0644\u0629 \u0648\u0644\u0627\u064a\u0629 \u062a\u064a\u0632\u064a \u0648\u0632\u0648\u060c \u0627\u0634\u0631\u0627\u0641 . \u0631\u0632\u0627\u0632 \u0645\u062d\u0645\u062f \u0639\u0628\u062f \u0627\u0644\u0635\u0645\u062f<\/p>\n\n\n\n<p>\u0623\u0633\u062a\u0627\u0630 \u0627\u0644\u062a\u0639\u0644\u064a\u0645 \u0627\u0644\u0639\u0627\u0644\u064a\u060c \u0646\u0648\u0642\u0634\u062a \u064a\u0648\u0645 30 \u0623\u0643\u062a\u0648\u0628\u0631 2023,-<\/p>\n\n\n\n<p>8- \u0623\u0637\u0631\u0648\u062d\u0629 \u0645\u0642\u062f\u0645\u0629 \u0644\u0646\u064a\u0644 \u062f\u0631\u062c\u0629 \u062f\u0643\u062a\u0648\u0631\u0627\u0647 \u0641\u064a \u0627\u0644\u062c\u063a\u0640\u0631\u0627\u0641\u064a\u0627 \u0648\u0627\u0644\u062a\u0647\u064a\u0626\u0629 \u0627\u0644\u0639\u0645\u0631\u0627\u0646\u064a\u0629\u060c \u062a\u062e\u0635\u0635: \u0627\u0644\u062a\u0647\u064a\u0626\u0629 \u0627\u0644\u0633\u064a\u0627\u062d\u064a\u0629 \u0627\u0644\u0645\u0633\u062a\u062f\u0627\u0645\u0629 \u0644\u0644\u0625\u0642\u0644\u064a\u0645 \u0645\u0646 \u0625\u0639\u062f\u0627\u062f \u0627\u0644\u0628\u0627\u062d\u062b\u0629: \u0643\u0644\u0641\u0627\u0648\u064a \u0623\u0645\u0627\u0644 \u0628\u0639\u0646\u0648\u0627\u0646: \u062a\u0639\u0632\u064a\u0632 \u0627\u0644\u0633\u064a\u0627\u062d\u0629 \u0627\u0644\u062d\u0636\u0631\u064a\u0629 \u0645\u0646 \u062e\u0644\u0627\u0644 \u0627\u0644\u0639\u0646\u0627\u064a\u0629 \u0628\u0645\u0644\u0627\u0645\u062d \u0627\u0644\u0645\u062f\u064a\u0646\u0629 \u062f\u0631\u0627\u0633\u0629 \u062d\u0627\u0644\u0629: \u0645\u062f\u064a\u0646\u0629 \u0627\u0644\u062c\u0632\u0627\u0626\u0631<\/p>\n\n\n\n<p>\u0627\u0634\u0631\u0627\u0641 . \u0631\u0632\u0627\u0632 \u0645\u062d\u0645\u062f \u0639\u0628\u062f \u0627\u0644\u0635\u0645\u062f , \u0633\u062a\u0627\u0630 \u0627\u0644\u062a\u0639\u0644\u064a\u0645 \u0627\u0644\u0639\u0627\u0644\u064a \u0646\u0648\u0642\u0634\u062a \u064a\u0648\u0645 21 \u062f\u064a\u0633\u0645\u0628\u0631 2023<\/p>\n","protected":false},"excerpt":{"rendered":"<p>1- IKHLEFHOUM KARIM : \u0627\u0644\u064a\u0629 \u0627\u0644\u0645\u062e\u0627\u0644\u0641\u0627\u062a \u0627\u0644\u0639\u0645\u0631\u0627\u0646\u064a\u0629 \u0641\u064a \u0627\u0644\u062c\u0632\u0627\u0626\u0631 \u0627\u0644\u0645\u062e\u0627\u0644\u0641\u0627\u062a \u0627\u0644\u0639\u0645\u0631\u0627\u0646\u064a\u0629 \u0641\u064a \u0627\u0644\u062c\u0632\u0627\u0626\u0631 \u0627\u062a \u0627\u0644\u062a\u062e\u0637\u064a\u0637 \u0627\u0644\u062d\u0636\u0631\u064a \u0648\u0625\u0634\u0643 Promoteur : Pr ZIANE Mahfoud. Soutenue en 2020 2- These de doctorat en g\u00e9ographie et Am\u00e9nagement du Territoire, Sp\u00e9cialit\u00e9 : am\u00e9nagement Touristique durables <span class=\"readmore\"><a href=\"https:\/\/lvrgt.usthb.dz\/index.php\/doctorat\/\">Continue Reading<\/a><\/span><\/p>\n","protected":false},"author":1,"featured_media":0,"parent":0,"menu_order":0,"comment_status":"closed","ping_status":"closed","template":"","meta":{"footnotes":""},"class_list":["post-113","page","type-page","status-publish","hentry"],"_links":{"self":[{"href":"https:\/\/lvrgt.usthb.dz\/index.php\/wp-json\/wp\/v2\/pages\/113","targetHints":{"allow":["GET"]}}],"collection":[{"href":"https:\/\/lvrgt.usthb.dz\/index.php\/wp-json\/wp\/v2\/pages"}],"about":[{"href":"https:\/\/lvrgt.usthb.dz\/index.php\/wp-json\/wp\/v2\/types\/page"}],"author":[{"embeddable":true,"href":"https:\/\/lvrgt.usthb.dz\/index.php\/wp-json\/wp\/v2\/users\/1"}],"replies":[{"embeddable":true,"href":"https:\/\/lvrgt.usthb.dz\/index.php\/wp-json\/wp\/v2\/comments?post=113"}],"version-history":[{"count":4,"href":"https:\/\/lvrgt.usthb.dz\/index.php\/wp-json\/wp\/v2\/pages\/113\/revisions"}],"predecessor-version":[{"id":301,"href":"https:\/\/lvrgt.usthb.dz\/index.php\/wp-json\/wp\/v2\/pages\/113\/revisions\/301"}],"wp:attachment":[{"href":"https:\/\/lvrgt.usthb.dz\/index.php\/wp-json\/wp\/v2\/media?parent=113"}],"curies":[{"name":"wp","href":"https:\/\/api.w.org\/{rel}","templated":true}]}}