{"id":269,"date":"2024-11-12T14:57:45","date_gmt":"2024-11-12T14:57:45","guid":{"rendered":"http:\/\/193.194.89.193\/wp_lvrgt\/?page_id=269"},"modified":"2024-11-12T15:10:33","modified_gmt":"2024-11-12T15:10:33","slug":"communications-nationales","status":"publish","type":"page","link":"https:\/\/lvrgt.usthb.dz\/index.php\/communications-nationales\/","title":{"rendered":"Communications Nationales"},"content":{"rendered":"\n<p>1- BOURAS .F, HATTAB . S : \u0627\u0633\u062a\u0631\u0627\u062a\u064a\u062c\u064a\u0629 \u0627\u0644\u0642\u0636\u0627\u0621 \u0639\u0644\u0649 \u0627\u0644\u0633\u0643\u0646 \u0627\u0644\u0641\u0648\u0636\u0648\u064a \u0641\u064a \u0645\u062f\u064a\u0646\u0629 \u0627\u0644\u062c\u0632\u0627\u0626\u0631 \u0628\u064a\u0646 \u0627\u0644\u0648\u0627\u0642\u0639 \u0648\u0627\u0644\u0637\u0645\u0648\u062d<\/p>\n\n\n\n<p>Colloque National : les syst\u00e8me d\u2019information g\u00e9ographique SIG et la gestion de l\u2019espace urbain, 25-26 Octobre 2021. Universit\u00e9 Larbi Ben M\u2019hidi Oum El Bouaghi.<\/p>\n\n\n\n<p>2 &#8211; BERKOUNE . H, HATTAB. S : \u0631\u0635\u062f \u0627\u0644\u062a\u0648\u0633\u0639 \u0627\u0644\u0639\u0645\u0631\u0627\u0646\u064a \u0639\u0644\u0649 \u062d\u0633\u0627\u0628 \u0627\u0644\u0623\u0631\u0627\u0636\u064a \u0627\u0644\u0632\u0631\u0627\u0639\u064a\u0629 \u0628\u0627\u0633\u062a\u062e\u062f\u0627\u0645<\/p>\n\n\n\n<p>\u0646\u0638\u0645 \u0627\u0644\u0645\u0639\u0644\u0648\u0645\u0627\u062a \u0627\u0644\u062c\u063a\u0631\u0627\u0641\u064a\u0629 . \u062f\u0631\u0627\u0633\u0629 \u062d\u0627\u0644\u0629 \u0628\u0644\u062f\u064a\u0629 \u0623\u0648\u0644\u0627\u062f \u0645\u0648\u0633\u0649 \u0648\u0644\u0627\u064a\u0629 \u0628\u0648\u0645\u0631\u062f\u0627\u0633\u060c \u0627\u0644\u064a\u0648\u0645 \u0627\u0644\u062f\u0631\u0627\u0633\u064a: \u0627\u0644\u0645\u062f\u064a\u0646\u0629 \u0627\u0644\u062c\u0632\u0627\u0626\u0631\u064a\u0629 \u0628\u064a\u0646 \u0627\u0644\u0648\u0627\u0642\u0639 \u0648 \u0627\u0644\u0627\u0641\u0627\u0642\u060c 10 \u0645\u0627\u0631\u0633 2020\u060c \u062c\u0627\u0645\u0639\u0629 \u0641\u0631\u062d\u0627\u062a \u0639\u0628\u0627\u0633\u060c \u0633\u0637\u064a\u0641,<\/p>\n\n\n\n<p>3- CHAIB Naziha et ZIANE Mahfoud: Cartographie des zones inondable \u00e0 l\u2019aide d\u2019un SIG, cas d\u2019\u00e9tude : la commune de HUSSEIN DEY . ALGER. Journ\u00e9e nationale de la g\u00e9omatique, 2022<\/p>\n\n\n\n<p>4- CHAIB Naziha et ZIANE Mahfoud: Classification de l\u2019occupation du sol \u00e0 partir d\u2019images satellitaires \u00ab sentinel 2 \u00bb \u00e0 l\u2019aide de l\u2019algorithme random forest \u00e9tude de cas : la wilaya d\u2019Alger. S\u00e9minaire National de la g\u00e9omatique et ses domaines d\u2019application. 2023.<\/p>\n\n\n\n<p>5- CHAIB Naziha :Classification de l\u2019occupation du sol \u00e0 partir d\u2019images satellitaires \u00ab sentinel 2 \u00bb \u00e0 l\u2019aide de l\u2019algorithme random forest \u00e9tude de cas : la wilaya d\u2019Alger ; S\u00e9minaire National de la g\u00e9omatique et ses domaines d\u2019application.<\/p>\n\n\n\n<p>6- SAOUDI Hanane : la cartographie de la vuln\u00e9rabilit\u00e9 de la wilaya d&#8217;alger face au risque d&#8217;inondation en utilisant la m\u00e9thode SIG-AMC ; Seminaire national poly environnement alger<\/p>\n\n\n\n<p>7- SAOUDI Hanane : la gestion des risques d&#8217;inondation dans les hayts plateaux de l&#8217;alg\u00e9rie, cas de la ville de boughezoul Algeria in light of future social and economic challenges ENS Bouzareah Alger;<\/p>\n\n\n\n<p>8 &#8211; SAOUDI Hanane : L\u2019apport de la r\u00e9solution horizontale \u00e0 la qualit\u00e9 de la pr\u00e9vision d\u2019orages \u00e0 forte pr\u00e9cipitations : retour d\u2019exp\u00e9rience : inondation du 20 au 21 d\u00e9cembre 2020 \u00e0 Jijel ; Algeria in light of future social and economic challenges ENS Bouzareah Alger.<\/p>\n\n\n\n<p>9 &#8211; BILEH Sara : \u062f\u0648\u0631 \u0627\u0644\u0645\u062f\u0646 \u0627\u0644\u0642\u062f\u064a\u0645\u0629 \u0641\u064a \u062f\u0641\u0639 \u0627\u0644\u0639\u062c\u0644\u0629 \u0627\u0644\u0627\u0642\u062a\u0635\u0627\u062f\u064a\u0629\u2019 \u062f\u0631\u0627\u0633\u0629 \u062d\u0627\u0644\u0629 \u0645\u062f\u064a\u0646\u0629 \u062f\u0644\u0633 \u0648\u0644\u0627\u064a\u0629 \u0628\u0648\u0645\u0631\u062f\u0627\u0633 ; \u0627\u0644\u0645\u0644\u062a\u0642\u0649 \u0627\u0644\u0648\u0637\u0646\u064a \u2013 \u0627\u0644\u062c\u0632\u0627\u0626\u0631 : \u0645\u062f\u0646 \u0648\u062a\u0627\u0631\u064a\u062e \u0639\u0628\u0631 \u0627\u0644\u0639\u0635\u0648\u0631 \u062c\u0627\u0645\u0639\u0629 \u0627\u0644\u062c\u064a\u0644\u0627\u0644\u064a \u0644\u064a\u0627\u0628\u0633 \u2013 \u0633\u064a\u062f\u064a \u0628\u0644\u0639\u0628\u0627\u0633.<\/p>\n\n\n\n<p>10- SAOUDI Hanane : Syst\u00e8me d\u2019Information G\u00e9ographique pour la gestion des zones inondables cas de la ville nouvelle de BOUGHEZOUL \u00ab M\u00e9d\u00e9a-Djelfa \u00bb Alg\u00e9rie ; 5 eme \u00e9dition du Symposium national des doctorants en Sciences de la terre, G\u00e9ographie et am\u00e9nagement du territoire.<\/p>\n\n\n\n<p>11- IKHLEFHOUM Karim : \u0645\u0633\u0627\u062c\u062f \u0645\u062f\u064a\u0646\u0629 \u0627\u0644\u0628\u0644\u064a\u062f\u0629 \u0641\u064a \u0627\u0644\u0639\u0647\u062f \u0627\u0644\u0639\u062b\u0645\u0627\u0646\u064a : \u062a\u0631\u0627\u062b \u0645\u0639\u0645\u0627\u0631\u064a \u0645\u062a\u0645\u064a\u0632 \u0628\u064a\u0646 \u0627\u0644\u0630\u0627\u0643\u0631\u0629 \u0648\u0627\u0644\u0646\u0633\u064a\u0627\u0646. ; \u0627\u0644\u062a\u0631\u0627\u062b \u0627\u0644\u0645\u0639\u0645\u0627\u0631\u064a \u0648\u0627\u0644\u0639\u0645\u0631\u0627\u0646\u064a \u0628\u0627\u0644\u062c\u0632\u0627\u0626\u0631,<\/p>\n\n\n\n<p>12- SAOUDI Hanane : Evaluation des mesures de gestion du risque inondation dans le milieu urbain, cas de la ville nouvelle de boughezoul (medea) algerie ; Salon nationaux de la climatologie (SSNC).<\/p>\n\n\n\n<p>13 &#8211; IKHLEFHOUM Karim : \u062a\u0642\u064a\u064a\u0645 \u0645\u0646\u0647\u062c\u064a\u0629 \u0625\u0639\u062f\u0627\u062f \u0627\u0644\u0645\u062e\u0637\u0637\u0627\u062a \u0627\u0644\u062a\u0648\u062c\u064a\u0647\u064a\u0629 \u0644\u0644\u062a\u0647\u064a\u0626\u0629 \u0648\u0627\u0644\u062a\u0639\u0645\u064a\u0631 \u0641\u064a \u0627\u0644\u062c\u0632\u0627\u0626\u0631\u060c \u062f\u0631\u0627\u0633\u0629 \u062d\u0627\u0644\u0629 \u0628\u0644\u062f\u064a\u0627\u062a \u0648\u0644\u0627\u064a\u0629 \u0627\u0644\u0628\u0644\u064a\u062f\u0629 ; \u0627\u0644\u062a\u0647\u064a\u0626\u0629 \u0627\u0644\u0639\u0645\u0631\u0627\u0646\u064a\u0629 \u0627\u0644\u0645\u0633\u062a\u062f\u0627\u0645\u0629 \u0628\u064a\u0646 \u0627\u0644\u0648\u0627\u0642\u0639 \u0648\u062a\u062d\u062f\u064a\u0627\u062a \u0627\u0644\u0645\u0633\u062a\u0642\u0628\u0644<\/p>\n\n\n\n<p>14- CHAIB Naziha edt ZIANE Mahfoud : Cartographie des zones inondable \u00e0 l\u2019aide d\u2019un SIG : cas d\u2019\u00e9tude la commune de Hussein dey Alger ; Journ\u00e9e nationale de la g\u00e9omantique.<\/p>\n\n\n\n<p>15- BELEH Sara : \u0627\u0644\u062a\u062d\u0644\u064a\u0644 \u0627\u0644\u0645\u0643\u0627\u0646\u064a \u0644\u0644\u0645\u0624\u0633\u0633\u0627\u062a \u0627\u0644\u062a\u0639\u0644\u064a\u0645\u064a\u0629 \u0628\u0627\u0633\u062a\u062e\u062f\u0627\u0645 \u0646\u0638\u0645 \u0627\u0644\u0645\u0639\u0644\u0648\u0645\u0627\u062a \u0627\u0644\u062c\u063a\u0631\u0627\u0641\u064a\u0629 \u060c \u062f\u0631\u0627\u0633\u0629 \u062d\u0627\u0644\u0629 \u0628\u0644\u062f\u064a\u0629 \u062a\u064a\u062c\u0644\u0627\u0628\u064a\u0646<\/p>\n\n\n\n<p>La 1 \u00e8re \u00e9dition de la journ\u00e9e nationale de la GEOMATIQUE.<\/p>\n\n\n\n<p>16- CHELABI Ouahiba; Ziane Mahfoud ;; Climat et s\u00e9curit\u00e9 routi\u00e8re dans la ville de Bouira, La Premiere edition du s\u00e9minaire et salon nationaux de la climatologie (SSNC). USTHB, 24 au 25 Octobre<\/p>\n\n\n\n<p>2022. FSTGAT, USTHB.<\/p>\n\n\n\n<p>17- Bechroune Wissam: Optimisation de la Gestion des D\u00e9chets M\u00e9nagers gr\u00e2ce aux SIG. Cas de la ville de BEJAIA. &#8220;GIS DAY ALGERIA 2023&#8221;.<\/p>\n\n\n\n<p>18- Bechroune Wissam: Impact des d\u00e9chets m\u00e9nagers de la d\u00e9charge de BOULIMAT sur le sol Cas: la commune de BEJAIA. PHD STUDENTS SYMPOSIUM 2022.<\/p>\n\n\n\n<p>19- Bechroune Wissam: Apport du SIG \u00e0 l\u2019\u00e9tude d\u2019impact sur l\u2019environnement de la d\u00e9charge publique d\u2019AKBOU.<\/p>\n","protected":false},"excerpt":{"rendered":"<p>1- BOURAS .F, HATTAB . S : \u0627\u0633\u062a\u0631\u0627\u062a\u064a\u062c\u064a\u0629 \u0627\u0644\u0642\u0636\u0627\u0621 \u0639\u0644\u0649 \u0627\u0644\u0633\u0643\u0646 \u0627\u0644\u0641\u0648\u0636\u0648\u064a \u0641\u064a \u0645\u062f\u064a\u0646\u0629 \u0627\u0644\u062c\u0632\u0627\u0626\u0631 \u0628\u064a\u0646 \u0627\u0644\u0648\u0627\u0642\u0639 \u0648\u0627\u0644\u0637\u0645\u0648\u062d Colloque National : les syst\u00e8me d\u2019information g\u00e9ographique SIG et la gestion de l\u2019espace urbain, 25-26 Octobre 2021. Universit\u00e9 Larbi Ben M\u2019hidi Oum <span class=\"readmore\"><a href=\"https:\/\/lvrgt.usthb.dz\/index.php\/communications-nationales\/\">Continue Reading<\/a><\/span><\/p>\n","protected":false},"author":1,"featured_media":0,"parent":0,"menu_order":0,"comment_status":"closed","ping_status":"closed","template":"","meta":{"footnotes":""},"class_list":["post-269","page","type-page","status-publish","hentry"],"_links":{"self":[{"href":"https:\/\/lvrgt.usthb.dz\/index.php\/wp-json\/wp\/v2\/pages\/269","targetHints":{"allow":["GET"]}}],"collection":[{"href":"https:\/\/lvrgt.usthb.dz\/index.php\/wp-json\/wp\/v2\/pages"}],"about":[{"href":"https:\/\/lvrgt.usthb.dz\/index.php\/wp-json\/wp\/v2\/types\/page"}],"author":[{"embeddable":true,"href":"https:\/\/lvrgt.usthb.dz\/index.php\/wp-json\/wp\/v2\/users\/1"}],"replies":[{"embeddable":true,"href":"https:\/\/lvrgt.usthb.dz\/index.php\/wp-json\/wp\/v2\/comments?post=269"}],"version-history":[{"count":4,"href":"https:\/\/lvrgt.usthb.dz\/index.php\/wp-json\/wp\/v2\/pages\/269\/revisions"}],"predecessor-version":[{"id":280,"href":"https:\/\/lvrgt.usthb.dz\/index.php\/wp-json\/wp\/v2\/pages\/269\/revisions\/280"}],"wp:attachment":[{"href":"https:\/\/lvrgt.usthb.dz\/index.php\/wp-json\/wp\/v2\/media?parent=269"}],"curies":[{"name":"wp","href":"https:\/\/api.w.org\/{rel}","templated":true}]}}