{"id":270,"date":"2024-11-12T15:03:46","date_gmt":"2024-11-12T15:03:46","guid":{"rendered":"http:\/\/193.194.89.193\/wp_lvrgt\/?page_id=270"},"modified":"2024-11-12T15:04:42","modified_gmt":"2024-11-12T15:04:42","slug":"communications-internationales-2","status":"publish","type":"page","link":"https:\/\/lvrgt.usthb.dz\/index.php\/communications-internationales-2\/","title":{"rendered":"Communications Internationales"},"content":{"rendered":"\n<p>1- IKHLEFHOUM Karim et ZIANE Mahfoud:<\/p>\n\n\n\n<p>\u062a\u0642\u064a\u064a\u0645 \u0627\u0644\u0645\u0634\u0627\u0631\u0643\u0629 \u0627\u0644\u0634\u0639\u0628\u064a\u0629 \u0641\u064a \u0625\u0639\u062f\u0627\u062f \u0623\u062f\u0648\u0627\u062a \u0627\u0644\u062a\u0647\u064a\u0626\u0629 \u0648\u0627\u0644\u062a\u0639\u0645\u064a\u0631 \u0641\u064a \u0627\u0644\u062c\u0632\u0627\u0626\u0631<\/p>\n\n\n\n<p>\u062f\u0631\u0627\u0633\u0629 \u062d\u0627\u0644\u0629 \u0628\u0644\u062f\u064a\u0629 \u0628\u0648\u0641\u0627\u0631\u064a\u0643 ( \u0648\u0644\u0627\u064a\u0629 \u0627\u0644\u0628\u0644\u064a\u062f\u0629<\/p>\n\n\n\n<p>SEMINAIRE INTERNATIONAL SUR L\u2019INGENIERIE DE LA CONSTRUCTION DES VILLES<\/p>\n\n\n\n<p>(Architecture, G\u00e9nie Civil, Hydraulique, Travaux<\/p>\n\n\n\n<p>Publiques, Urbanisme) Webinaire par Google Meet 08 et 09 Octobre 2021, Alg\u00e9rie, Tlemcen..<\/p>\n\n\n\n<p>2- BOURAS .F, HATTAB . S, : \u0627\u0644\u062a\u0646\u0645\u064a\u0629 \u0627\u0644\u0645\u062d\u0644\u064a\u0629 \u0641\u064a \u0627\u0644\u0628\u0644\u062f\u064a\u0627\u062a \u0627\u0644\u0631\u064a\u0641\u064a\u0629\u060c \u062f\u0631\u0627\u0633\u0629 \u062d\u0627\u0644\u0629 \u0628\u0644\u062f\u064a\u0629 \u0639\u0627\u0641\u064a\u0631 \u0648\u0644\u0627\u064a\u0629 \u0628\u0648\u0645\u0631\u062f\u0627\u0633<\/p>\n\n\n\n<p>S\u00e9minaire International &#8220;sur l\u2019ing\u00e9nierie de la construction des villes, 08-09 Octobre 2021<\/p>\n\n\n\n<p>Universit\u00e9 USTO &#8211; Oran<\/p>\n\n\n\n<p>3- BOURAS .F, HATTAB . S, \u0623\u062f\u0648\u0627\u062a \u0627\u0644\u062a\u062e\u0637\u064a\u0637 \u0627\u0644\u0639\u0645\u0631\u0627\u0646\u064a \u0648\u062f\u0648\u0631\u0647\u0627 \u0641\u064a \u062a\u0646\u0638\u064a\u0645 \u0627\u0644\u0645\u062f\u0646 \u0627\u0644\u0645\u062a\u0648\u0633\u0637\u0629. \u062d\u0627\u0644\u0629 \u0645\u062f\u064a\u0646\u0629 \u0627\u0644\u0631\u063a\u0627\u064a\u0629 \u0648\u0644\u0627\u064a\u0629 \u0627\u0644\u062c\u0632\u0627\u0626\u0631, Colloque International Sur : les villes petites et moyennes dans un monde globalic\u00e9, 02-03 Novembre 2021, Universit\u00e9 Larbi Ben M\u2019hidi Oum El Bouaghi.<\/p>\n\n\n\n<p>4- BERKOUNE . H, HATTAB. S : Cities, Reality and Challenges ; Salon international de l&#8217;am\u00e9nagement de la ville et du territoire, 31 Mai 2021, Universit\u00e9 Ferhat Abbas S\u00e9tif.<\/p>\n\n\n\n<p>5- IKHLEFHOUM Karim :<\/p>\n\n\n\n<p>\u062f\u0631\u0627\u0633\u0629 \u0627\u0644\u0641\u0648\u0627\u0631\u0642 \u0627\u0644\u0645\u062c\u0627\u0644\u064a\u0629\u060c \u0627\u0644\u0627\u062c\u062a\u0645\u0627\u0639\u064a\u0629 \u0648\u0627\u0644\u0627\u0642\u062a\u0635\u0627\u062f\u064a\u0629 \u0645\u0627 \u0628\u064a\u0646 \u0627\u0644\u0628\u0644\u062f\u064a\u0627\u062a \u0641\u064a \u0627\u0644\u062c\u0632\u0627\u0626\u0631 &#8220;\u062f\u0631\u0627\u0633\u0629 \u0645\u064a\u062f\u0627\u0646\u064a\u0629 \u0644\u0628\u0644\u062f\u064a\u0627\u062a \u0648\u0644\u0627\u064a\u0629 \u0627\u0644\u0628\u0644\u064a\u062f\u0629 \u0645\u0644\u062a\u0642\u0649 \u062d\u0648\u0644 \u0627\u0644\u062a\u0646\u0645\u064a\u0629 \u0627\u0644\u0645\u062d\u0644\u064a\u0629 \u0648\u0627\u0644\u0633\u064a\u0627\u0633\u0629 \u0627\u0644\u0627\u062c\u062a\u0645\u0627\u0639\u064a\u0629 \u062c\u0627\u0645\u0639\u0629 \u0627\u062d\u0645\u062f \u0628\u0646 \u064a\u062d\u064a \u0627\u0644\u0648\u0646\u0634\u0631\u064a\u0633\u064a- \u062a\u064a\u0633\u0645\u0633\u064a\u0644\u062a2021 \u2013 \u0627\u0644\u0645\u0628\u0627\u062f\u0631\u0627\u062a \u0627\u0644\u062d\u0643\u0648\u0645\u064a\u0629 \u0648\u0627\u0644\u0646\u062a\u0627\u0626\u062c<\/p>\n\n\n\n<p>6- IKHLEFHOUM Karim et ZIANE Mahfoud : Evaluation de la participation populaire \u00e0 l&#8217;\u00e9laboration des instruments d&#8217;urbanisme et d&#8217;am\u00e9nagement en Alg\u00e9rie \u00c9tude de cas Commune de Boufarik (wilaya de Blida). SEMINAIRE INTERNATIONAL SUR L\u2019INGENIERIE DE LA CONSTRUCTION DES VILLES (Architecture, G\u00e9nie Civil, Hydraulique, Travaux Publiques, Urbanisme) Webinaire par Google Meet, 08 et 09 Octobre 2021. Alg\u00e9rie, Tlemcen.<\/p>\n\n\n\n<p>7- CHAIB Naziha et ZIANE Mahfoud: Zonage de l&#8217;al\u00e9a inondation dans la wilaya d&#8217;Alger<\/p>\n\n\n\n<p>Webinaire international GIS DAY Algeria 2022.<\/p>\n\n\n\n<p>8- CHAIB Naziha et ZIANE Mahfoud: La mod\u00e9lisation du risque inondation par la m\u00e9thode multicrit\u00e8re hi\u00e9rarchique (AHP) combin\u00e9e au SIG. The 1st International Webinar \u00ab The city at the heart of sustainability and digital challenges: Perspectives o urban and environmental issues\u00bb. 2022.<\/p>\n\n\n\n<p>9- SAOUDI Hanane, HATTAB Sofiane: \u00c9valuation de la vuln\u00e9rabilit\u00e9 au risque d&#8217;inondation en utilisant l&#8217;approche Multicrit\u00e8res (AMC) sous SIG \u00ab Cas de la ville nouvelle de BOUGHZOUL (MEDEA) ALGERIE \u00bb, Webinaire international \u201c gis day algeria\u201d annaba;<\/p>\n\n\n\n<p>10- BELEH Sara et HATTAB Sofiane: L`apport des SIG dans l`\u00e9tude des in\u00e9galit\u00e9s territoriale cas de la wilaya de &#8220;BOUMERDES, Webinaire international \u201c gis day algeria\u201d annaba.<\/p>\n\n\n\n<p>11- CHAIB Naziha et ZIANE Mahfoud; Zonage de l&#8217;al\u00e9a inondation dans la wilaya d&#8217;Alger, Webinaire international \u201c gis day algeria\u201d annaba,<\/p>\n\n\n\n<p>12- CHAIB Naziha et ZIANE Mahfoud; La mod\u00e9lisation du risque d\u2019inondation par l\u2019analyse<\/p>\n\n\n\n<p>multicrit\u00e8re hi\u00e9rarchique (AHP) combin\u00e9e au SIG; The 1st International Webinar\u00ab The city at the heart of sustainability and digital challenges: Perspectives on urban and environmental issues\u00bb.<\/p>\n\n\n\n<p>13- HATTAB Sofiane; \u0623\u062f\u0648\u0627\u062a \u0627\u0644\u062a\u062e\u0637\u064a\u0637 \u0627\u0644\u0639\u0645\u0631\u0627\u0646\u064a \u0643\u0623\u062d\u062f \u0639\u0648\u0627\u0645\u0644 \u0627\u0644\u062a\u0627\u0648\u0633\u0639 \u0627\u0644\u0639\u0645\u0631\u0627\u0646\u064a \u0645\u0646 \u0623\u062c\u0644 \u062a\u062d\u0642\u064a\u0642 \u0627\u0644\u062a\u0646\u0645\u064a\u0629 \u0627\u0644\u0645\u0633\u062a\u062f\u0627\u0645\u0629\u060c \u062f\u0631\u0627\u0633\u0629 \u062d\u0627\u0644\u0629 \u0628\u0644\u062f\u064a\u0629 \u0627\u0644\u0631\u063a\u0627\u064a\u0629 \u060c \u0648\u0644\u0627\u064a\u0629 \u0628\u0648\u0645\u0631\u062f\u0627\u0633 \u060c \u0627\u0644 \u062c\u0632\u0627\u0626\u0631 \u0627\u0644\u0645\u0624\u062a\u0645\u0631 \u0627\u0644\u062f\u0648\u0644\u064a \u0627\u0644\u062b\u0627\u0644\u062b \u0644\u0644\u062a\u0646\u0645\u064a\u0629 \u0627\u0644\u0645\u0633\u062a\u062f\u0627\u0645\u0629 \u0648\u0627\u0644\u0645\u062c\u0627\u0644,<\/p>\n\n\n\n<p>Ajloun National University Istanbul &#8211; Turkiye<\/p>\n\n\n\n<p>14- SAOUDI Hanane; Flood risk mapping using gis and multi-criteria analysis. case study: Watershed of Boughezoul (Algeria); The 7th International Symposium on Flash Floods in Wadi Systems (ISFF7 Universit\u00e9 Tlemcen Alg\u00e9rie.<\/p>\n\n\n\n<p>15- SAOUDI Hanane; The effect of the physical parameterization schemes in WRF-ARW on the quality of the prediction of heavy rains that cause flooding, application on Eastern Algeria, The 7th International Symposium on Flash Floods in Wadi Systems (ISFF7 Universit\u00e9 Tlemcen Alg\u00e9rie<\/p>\n\n\n\n<p>16- SAOUDI Hanane : Application de la t\u00e9l\u00e9d\u00e9tection et du sig pour l&#8217;analyse des risques d&#8217;incendie de for\u00eat ; Webinaire international \u201c gis day algeria\u201d annaba<\/p>\n\n\n\n<p>17- SAOUDI Hanane : Pour des villes r\u00e9silientes aux inondations-cas de la ville nouvelle de Boughezoul \u00bbM\u00e9d\u00e9a Djelfa \u00bb Alg\u00e9rie ; Architecture et urbanisme durables dans les r\u00e9gions arides et semi-arides : r\u00e9alit\u00e9 et d\u00e9fis Universit\u00e9 de Laghouat<\/p>\n\n\n\n<p>18 &#8211; CHELABI Ouahiba ; \u0627\u0644\u0633\u064a\u0627\u062d\u0629 \u0645\u0646 \u0645\u0646\u0638\u0648\u0631 \u062c\u063a\u0631\u0627\u0641\u064a ;<\/p>\n\n\n\n<p>Colloque international sur le tourisme dans le monde arabe sous le titre \u00ab Gouvernance, communication et d\u00e9veloppement des territoires touristiques.<\/p>\n\n\n\n<p>19- Sami Ahmed RABEHI : \u062f\u0648\u0631 \u0627\u062f\u0648\u0627\u062a \u0627\u0644\u062a\u0647\u064a\u0626\u0629 \u0648 \u0627\u0644\u062a\u0639\u0645\u064a\u0631 \u0641\u064a \u062a\u0646\u0638\u064a\u0645 \u0627\u0644\u0628\u064a\u0626\u0627\u062a \u0627\u0644\u062d\u0636\u0631\u064a\u0629 \u062d\u0627\u0644\u0629 \u0645\u062f\u064a\u0646\u0629 \u0627\u0644\u062c\u0644\u0641\u0629 ;<\/p>\n\n\n\n<p>The city at the heart of sustainability and digital challenges:<\/p>\n\n\n\n<p>20- Bechroune Wissam: Soil contamination with waste and ecological transition. Case of the Bejaia city center region in the east of Algeria.<\/p>\n\n\n\n<p>Congres of the International Geographic Union (IUG) Paris.<\/p>\n\n\n\n<p>21- Bechroune Wissam: L\u2019IMPACT DES DECHETS MENAGERS ET ASSIMILEES SUR LE SOL ET LA POLUTION DE L\u2019AIR. Cas de la commune d\u2019Akbou<\/p>\n\n\n\n<p>Journ\u00e9es Internationales sur la Biodiversit\u00e9,<\/p>\n\n\n\n<p>l\u2019Environnement et la Biotechnologie.<\/p>\n\n\n\n<p>22- Bechroune Wissam: La valorisation des d\u00e9chets m\u00e9nagers dans les villes. Cas de la ville de BEJAIA. The 1st International Congress of Environment and Sustainable Development (ICESD1\u201923)<\/p>\n","protected":false},"excerpt":{"rendered":"<p>1- IKHLEFHOUM Karim et ZIANE Mahfoud: \u062a\u0642\u064a\u064a\u0645 \u0627\u0644\u0645\u0634\u0627\u0631\u0643\u0629 \u0627\u0644\u0634\u0639\u0628\u064a\u0629 \u0641\u064a \u0625\u0639\u062f\u0627\u062f \u0623\u062f\u0648\u0627\u062a \u0627\u0644\u062a\u0647\u064a\u0626\u0629 \u0648\u0627\u0644\u062a\u0639\u0645\u064a\u0631 \u0641\u064a \u0627\u0644\u062c\u0632\u0627\u0626\u0631 \u062f\u0631\u0627\u0633\u0629 \u062d\u0627\u0644\u0629 \u0628\u0644\u062f\u064a\u0629 \u0628\u0648\u0641\u0627\u0631\u064a\u0643 ( \u0648\u0644\u0627\u064a\u0629 \u0627\u0644\u0628\u0644\u064a\u062f\u0629 SEMINAIRE INTERNATIONAL SUR L\u2019INGENIERIE DE LA CONSTRUCTION DES VILLES (Architecture, G\u00e9nie Civil, Hydraulique, Travaux Publiques, Urbanisme) Webinaire <span class=\"readmore\"><a href=\"https:\/\/lvrgt.usthb.dz\/index.php\/communications-internationales-2\/\">Continue Reading<\/a><\/span><\/p>\n","protected":false},"author":1,"featured_media":0,"parent":0,"menu_order":0,"comment_status":"closed","ping_status":"closed","template":"","meta":{"footnotes":""},"class_list":["post-270","page","type-page","status-publish","hentry"],"_links":{"self":[{"href":"https:\/\/lvrgt.usthb.dz\/index.php\/wp-json\/wp\/v2\/pages\/270","targetHints":{"allow":["GET"]}}],"collection":[{"href":"https:\/\/lvrgt.usthb.dz\/index.php\/wp-json\/wp\/v2\/pages"}],"about":[{"href":"https:\/\/lvrgt.usthb.dz\/index.php\/wp-json\/wp\/v2\/types\/page"}],"author":[{"embeddable":true,"href":"https:\/\/lvrgt.usthb.dz\/index.php\/wp-json\/wp\/v2\/users\/1"}],"replies":[{"embeddable":true,"href":"https:\/\/lvrgt.usthb.dz\/index.php\/wp-json\/wp\/v2\/comments?post=270"}],"version-history":[{"count":2,"href":"https:\/\/lvrgt.usthb.dz\/index.php\/wp-json\/wp\/v2\/pages\/270\/revisions"}],"predecessor-version":[{"id":276,"href":"https:\/\/lvrgt.usthb.dz\/index.php\/wp-json\/wp\/v2\/pages\/270\/revisions\/276"}],"wp:attachment":[{"href":"https:\/\/lvrgt.usthb.dz\/index.php\/wp-json\/wp\/v2\/media?parent=270"}],"curies":[{"name":"wp","href":"https:\/\/api.w.org\/{rel}","templated":true}]}}