{"id":60,"date":"2024-04-22T15:05:59","date_gmt":"2024-04-22T15:05:59","guid":{"rendered":"http:\/\/193.194.89.193\/wp_lvrgt\/?page_id=60"},"modified":"2024-04-24T22:04:06","modified_gmt":"2024-04-24T22:04:06","slug":"accueil","status":"publish","type":"page","link":"https:\/\/lvrgt.usthb.dz\/","title":{"rendered":"Accueil"},"content":{"rendered":"\n<p>ID<strong>ENTIFICATION<\/strong><\/p>\n\n\n\n<figure class=\"wp-block-table\"><table><tbody><tr><td>Nom<\/td><td><strong>Laboratoire Villes, R\u00e9gions et Gouvernance Territoire<\/strong><\/td><\/tr><tr><td>Acronyme<\/td><td>LVRGT<\/td><\/tr><tr><td>Mots cl\u00e9s&nbsp;<\/td><td><\/td><\/tr><tr><td>Facult\u00e9<\/td><td>Facult\u00e9 des Sciences de la Terre, de la G\u00e9ographie et&nbsp; de l\u2019Am\u00e9nagement du Territoire (FSTGAT)<\/td><\/tr><tr><td>D\u00e9partement<\/td><td>G\u00e9ographie et Am\u00e9nagement du Territoire<\/td><\/tr><tr><td>\u00c9tablissement<\/td><td>Universit\u00e9 des Sciences et de la Technologie Houari&nbsp; Boumediene (USTHB)<\/td><\/tr><tr><td>Localisation physique<\/td><td>FSTGAT \u2013 USTHB<\/td><\/tr><\/tbody><\/table><\/figure>\n\n\n\n<p><strong>AXES DE RECHERCHE<\/strong><\/p>\n\n\n\n<p><strong>DOMAINES D\u2019INTERVENTION<\/strong><\/p>\n","protected":false},"excerpt":{"rendered":"<p>IDENTIFICATION Nom Laboratoire Villes, R\u00e9gions et Gouvernance Territoire Acronyme LVRGT Mots cl\u00e9s&nbsp; Facult\u00e9 Facult\u00e9 des Sciences de la Terre, de la G\u00e9ographie et&nbsp; de l\u2019Am\u00e9nagement du Territoire (FSTGAT) D\u00e9partement G\u00e9ographie et Am\u00e9nagement du Territoire \u00c9tablissement Universit\u00e9 des Sciences et de <span class=\"readmore\"><a href=\"https:\/\/lvrgt.usthb.dz\/\">Continue Reading<\/a><\/span><\/p>\n","protected":false},"author":1,"featured_media":0,"parent":0,"menu_order":0,"comment_status":"closed","ping_status":"closed","template":"","meta":{"footnotes":""},"class_list":["post-60","page","type-page","status-publish","hentry"],"_links":{"self":[{"href":"https:\/\/lvrgt.usthb.dz\/index.php\/wp-json\/wp\/v2\/pages\/60","targetHints":{"allow":["GET"]}}],"collection":[{"href":"https:\/\/lvrgt.usthb.dz\/index.php\/wp-json\/wp\/v2\/pages"}],"about":[{"href":"https:\/\/lvrgt.usthb.dz\/index.php\/wp-json\/wp\/v2\/types\/page"}],"author":[{"embeddable":true,"href":"https:\/\/lvrgt.usthb.dz\/index.php\/wp-json\/wp\/v2\/users\/1"}],"replies":[{"embeddable":true,"href":"https:\/\/lvrgt.usthb.dz\/index.php\/wp-json\/wp\/v2\/comments?post=60"}],"version-history":[{"count":5,"href":"https:\/\/lvrgt.usthb.dz\/index.php\/wp-json\/wp\/v2\/pages\/60\/revisions"}],"predecessor-version":[{"id":191,"href":"https:\/\/lvrgt.usthb.dz\/index.php\/wp-json\/wp\/v2\/pages\/60\/revisions\/191"}],"wp:attachment":[{"href":"https:\/\/lvrgt.usthb.dz\/index.php\/wp-json\/wp\/v2\/media?parent=60"}],"curies":[{"name":"wp","href":"https:\/\/api.w.org\/{rel}","templated":true}]}}