{"id":62,"date":"2024-04-22T15:05:59","date_gmt":"2024-04-22T15:05:59","guid":{"rendered":"http:\/\/193.194.89.193\/wp_lvrgt\/?page_id=62"},"modified":"2024-11-12T15:55:07","modified_gmt":"2024-11-12T15:55:07","slug":"presentation-du-laboratoire","status":"publish","type":"page","link":"https:\/\/lvrgt.usthb.dz\/index.php\/presentation-du-laboratoire\/","title":{"rendered":"Pr\u00e9sentation du laboratoire"},"content":{"rendered":"\n<p>Le Laboratoire Ville, r\u00e9gion et Gouvernance Territoriale (LVRGT) de la facult\u00e9 des sciences de la terre, de la g\u00e9ographie et l\u2019am\u00e9nagement de territoire de l\u2019Universit\u00e9 des Sciences et de la Technologie Houari Boumediene (USTHB) d\u2019Alger. Il a \u00e9t\u00e9 cr\u00e9\u00e9 en d\u00e9cembre 2013. Il est compos\u00e9 de quatre \u00e9quipes de recherche et de 35 chercheurs. Le laboratoire contient des chercheurs confirm\u00e9s venant d\u2019horizons diverses&nbsp;: g\u00e9ographie, am\u00e9nagement, urbanisme, d\u00e9mographie, et architecture, des chercheur s non confirm\u00e9s, compos\u00e9s des doctorants. Les th\u00e8mes de recherche s\u2019ins\u00e8rent dans les diff\u00e9rentes pr\u00e9occupations des \u00e9quipent avec le plus souvent une orientation de recherche mixte fondamentale-appliqu\u00e9e. Cependant, Le labo aura pour ambition aussi de lancer des recherches appliqu\u00e9es dans la gestion urbaine et dans le domaine de l\u2019am\u00e9nagement de territoire<\/p>\n\n\n\n<p><strong>Les th\u00e8mes de recherche<\/strong><\/p>\n\n\n\n<p>Le laboratoire couvrent un large spectre de l\u2019am\u00e9nagement de territoire et incluent \u00e0 la fois des aspects fondamentaux et des aspects appliqu\u00e9s:<\/p>\n\n\n\n<p>dynamique urbaine dans les villes alg\u00e9riennes, Le transport urbain, Transport et int\u00e9gration territoriale, La contribution du tourisme dans le d\u00e9veloppement local, Les fonctions urbaines et l\u2019influence des villes, Les activit\u00e9s \u00e9conomiques et l\u2019expansion urbaine, Qualit\u00e9 environnementale et les ambiances urbaines, La question de l\u2019eau, L\u2019habitat anarchique dans les p\u00e9riph\u00e9ries urbaines, L\u2019int\u00e9gration urbaine des quartiers p\u00e9riph\u00e9riques, D\u00e9veloppement et coh\u00e9sion territoriale, Pauvret\u00e9 et exclusion territoriale, Rapports villes-campagnes, solidarit\u00e9 et coh\u00e9sion territoriale, l\u2019\u00e9valuation des risques naturel et technologiques et leurs m\u00e9thodes de gestion, etc. Cette diversit\u00e9 est l\u2019une des forces du laboratoire car elle favorise les recherches aux fronti\u00e8res, l\u00e0 o\u00f9 le potentiel d\u2019innovation est le plus grand.<\/p>\n\n\n\n<p>Le laboratoire est pr\u00e9sent dans de nombreux projets nationaux, notamment les projets CNEPRU, PNR.&nbsp;<\/p>\n\n\n\n<p>Le programme des recherches en cours traitent:<\/p>\n\n\n\n<ul class=\"wp-block-list\">\n<li>Les communaut\u00e9s urbaines face aux inondations, de la r\u00e9sistance \u00e0 la r\u00e9silience, cas de la wilaya d\u2019Alger<\/li>\n\n\n\n<li>Apport des villes moyennes dans la dynamique territoriale et la d\u00e9congestion des grandes villes. Cas des r\u00e9gions : Nord-centre, Hautes plaines centre, et Sud-est<br><br><\/li>\n<\/ul>\n\n\n\n<p><strong>Les \u00e9quipes de recherche<\/strong><\/p>\n\n\n\n<p><strong>L\u2019\u00e9quipe 1<\/strong> <strong>:<\/strong> Gouvernance et Gestion des Risques Majeurs<\/p>\n\n\n\n<p><strong>L&#8217;\u00e9quipe\u00a02 :<\/strong> Protection de l&#8217;Environnement et D\u00e9veloppement Durable<\/p>\n\n\n\n<p><strong>L&#8217;\u00e9quipe 3\u00a0:<\/strong> Am\u00e9nagement Touristique et Attractivit\u00e9 Territoriale en Alg\u00e9rie<\/p>\n\n\n\n<p><strong>L&#8217;\u00e9quipe 4\u00a0:<\/strong> Dynamiques et Valorisation des Ressources Territoriales<\/p>\n","protected":false},"excerpt":{"rendered":"<p>Le Laboratoire Ville, r\u00e9gion et Gouvernance Territoriale (LVRGT) de la facult\u00e9 des sciences de la terre, de la g\u00e9ographie et l\u2019am\u00e9nagement de territoire de l\u2019Universit\u00e9 des Sciences et de la Technologie Houari Boumediene (USTHB) d\u2019Alger. Il a \u00e9t\u00e9 cr\u00e9\u00e9 en <span class=\"readmore\"><a href=\"https:\/\/lvrgt.usthb.dz\/index.php\/presentation-du-laboratoire\/\">Continue Reading<\/a><\/span><\/p>\n","protected":false},"author":1,"featured_media":0,"parent":0,"menu_order":0,"comment_status":"closed","ping_status":"closed","template":"","meta":{"footnotes":""},"class_list":["post-62","page","type-page","status-publish","hentry"],"_links":{"self":[{"href":"https:\/\/lvrgt.usthb.dz\/index.php\/wp-json\/wp\/v2\/pages\/62","targetHints":{"allow":["GET"]}}],"collection":[{"href":"https:\/\/lvrgt.usthb.dz\/index.php\/wp-json\/wp\/v2\/pages"}],"about":[{"href":"https:\/\/lvrgt.usthb.dz\/index.php\/wp-json\/wp\/v2\/types\/page"}],"author":[{"embeddable":true,"href":"https:\/\/lvrgt.usthb.dz\/index.php\/wp-json\/wp\/v2\/users\/1"}],"replies":[{"embeddable":true,"href":"https:\/\/lvrgt.usthb.dz\/index.php\/wp-json\/wp\/v2\/comments?post=62"}],"version-history":[{"count":4,"href":"https:\/\/lvrgt.usthb.dz\/index.php\/wp-json\/wp\/v2\/pages\/62\/revisions"}],"predecessor-version":[{"id":305,"href":"https:\/\/lvrgt.usthb.dz\/index.php\/wp-json\/wp\/v2\/pages\/62\/revisions\/305"}],"wp:attachment":[{"href":"https:\/\/lvrgt.usthb.dz\/index.php\/wp-json\/wp\/v2\/media?parent=62"}],"curies":[{"name":"wp","href":"https:\/\/api.w.org\/{rel}","templated":true}]}}