{"id":63,"date":"2024-04-22T15:05:59","date_gmt":"2024-04-22T15:05:59","guid":{"rendered":"http:\/\/193.194.89.193\/wp_lvrgt\/?page_id=63"},"modified":"2024-12-18T09:23:24","modified_gmt":"2024-12-18T09:23:24","slug":"equipes-de-recherche","status":"publish","type":"page","link":"https:\/\/lvrgt.usthb.dz\/index.php\/equipes-de-recherche\/","title":{"rendered":"\u00c9quipes de recherche"},"content":{"rendered":"\n<p><strong>\u00c9quipe 1 :<\/strong> <strong><a href=\"https:\/\/lvrgt.usthb.dz\/index.php\/equipe-1\/\" data-type=\"page\" data-id=\"83\">Gouvernance et Gestion des Risques Majeurs<\/a><\/strong><\/p>\n\n\n\n<p><strong>\u00c9quipe 2 :<\/strong> <a href=\"https:\/\/lvrgt.usthb.dz\/index.php\/equipe-2\/\" data-type=\"page\" data-id=\"86\">Protection de l&#8217;Environnement et D\u00e9veloppement Durable<\/a><\/p>\n\n\n\n<p><strong>\u00c9quipe 3 :<\/strong> <a href=\"https:\/\/lvrgt.usthb.dz\/index.php\/equipe-3\/\" data-type=\"page\" data-id=\"88\">Am\u00e9nagement Touristique et Attractivit\u00e9 Territoriale en Alg\u00e9rie<\/a><\/p>\n\n\n\n<p><strong>\u00c9quipe 4 :<\/strong> <a href=\"https:\/\/lvrgt.usthb.dz\/index.php\/equipe-4\/\" data-type=\"page\" data-id=\"91\">Dynamiques et Valorisation des Ressources Territoriales<\/a><\/p>\n","protected":false},"excerpt":{"rendered":"<p>\u00c9quipe 1 : Gouvernance et Gestion des Risques Majeurs \u00c9quipe 2 : Protection de l&#8217;Environnement et D\u00e9veloppement Durable \u00c9quipe 3 : Am\u00e9nagement Touristique et Attractivit\u00e9 Territoriale en Alg\u00e9rie \u00c9quipe 4 : Dynamiques et Valorisation des Ressources Territoriales<\/p>\n","protected":false},"author":1,"featured_media":0,"parent":0,"menu_order":0,"comment_status":"closed","ping_status":"closed","template":"","meta":{"footnotes":""},"class_list":["post-63","page","type-page","status-publish","hentry"],"_links":{"self":[{"href":"https:\/\/lvrgt.usthb.dz\/index.php\/wp-json\/wp\/v2\/pages\/63","targetHints":{"allow":["GET"]}}],"collection":[{"href":"https:\/\/lvrgt.usthb.dz\/index.php\/wp-json\/wp\/v2\/pages"}],"about":[{"href":"https:\/\/lvrgt.usthb.dz\/index.php\/wp-json\/wp\/v2\/types\/page"}],"author":[{"embeddable":true,"href":"https:\/\/lvrgt.usthb.dz\/index.php\/wp-json\/wp\/v2\/users\/1"}],"replies":[{"embeddable":true,"href":"https:\/\/lvrgt.usthb.dz\/index.php\/wp-json\/wp\/v2\/comments?post=63"}],"version-history":[{"count":6,"href":"https:\/\/lvrgt.usthb.dz\/index.php\/wp-json\/wp\/v2\/pages\/63\/revisions"}],"predecessor-version":[{"id":310,"href":"https:\/\/lvrgt.usthb.dz\/index.php\/wp-json\/wp\/v2\/pages\/63\/revisions\/310"}],"wp:attachment":[{"href":"https:\/\/lvrgt.usthb.dz\/index.php\/wp-json\/wp\/v2\/media?parent=63"}],"curies":[{"name":"wp","href":"https:\/\/api.w.org\/{rel}","templated":true}]}}