{"id":66,"date":"2024-04-22T15:05:59","date_gmt":"2024-04-22T15:05:59","guid":{"rendered":"http:\/\/193.194.89.193\/wp_lvrgt\/?page_id=66"},"modified":"2024-11-12T15:14:12","modified_gmt":"2024-11-12T15:14:12","slug":"projets-de-recherche","status":"publish","type":"page","link":"https:\/\/lvrgt.usthb.dz\/index.php\/projets-de-recherche\/","title":{"rendered":"Projets de recherche"},"content":{"rendered":"\n<p><strong>Liste des projets PRFU 2022\/2025<\/strong><\/p>\n\n\n\n<p><strong>Projet 1 en cours<\/strong>&nbsp;: E03L01UN160420220007 Transport urbain collectif par bus en Alg\u00e9rie. \u00c9tude de cas des villes de S\u00e9tif et Constantine- R\u00e9alit\u00e9 et perspectives.<\/p>\n\n\n\n<p><strong>Projet 2 en cours&nbsp;:<\/strong> Apport des villes moyenne dans la dynamiques territoriale et d\u00e9congestion des grandes villes.cas des r\u00e9gions Nord centre,hautes plaines centre et sud Est.<\/p>\n\n\n\n<p><strong>Projet 3 en cours\u00a0:<\/strong> E03L01UN160420220001<strong> <\/strong>Les communaut\u00e9s urbaines face aux inondations, de la r\u00e9sistance \u00e0 la r\u00e9silience, cas de la wilaya d\u2019Alger.<\/p>\n\n\n\n<p>Code : E03L01UN160420220001, Les communaut\u00e9s urbaines face aux inondations, de la r\u00e9sistance \u00e0 la r\u00e9silience, cas de la wilaya d\u2019Alger. Chef de projet ; 2022- 2025 :ZIANE Mahfoud<\/p>\n\n\n\n<p>-Code Projet : E03L01UN160420220007 Transport urbain collectif par bus en Alg\u00e9rie. Etude de cas des villes de S\u00e9tif et Constantine- R\u00e9alit\u00e9 et perspectives. 2022- 2025. Chef de projet: KHERROUR Louerdi.<\/p>\n\n\n\n<p>Code Projet : Apport des villes moyenne dans la dynamiques territoriale et d\u00e9congestion des grandes villes.cas des r\u00e9gions Nord centre,hautes plaines centre et sud Est., 2022- 2025, chef de projet: Pr CHADLI Mohamed.<\/p>\n","protected":false},"excerpt":{"rendered":"<p>Liste des projets PRFU 2022\/2025 Projet 1 en cours&nbsp;: E03L01UN160420220007 Transport urbain collectif par bus en Alg\u00e9rie. \u00c9tude de cas des villes de S\u00e9tif et Constantine- R\u00e9alit\u00e9 et perspectives. Projet 2 en cours&nbsp;: Apport des villes moyenne dans la dynamiques <span class=\"readmore\"><a href=\"https:\/\/lvrgt.usthb.dz\/index.php\/projets-de-recherche\/\">Continue Reading<\/a><\/span><\/p>\n","protected":false},"author":1,"featured_media":0,"parent":0,"menu_order":0,"comment_status":"closed","ping_status":"closed","template":"","meta":{"footnotes":""},"class_list":["post-66","page","type-page","status-publish","hentry"],"_links":{"self":[{"href":"https:\/\/lvrgt.usthb.dz\/index.php\/wp-json\/wp\/v2\/pages\/66","targetHints":{"allow":["GET"]}}],"collection":[{"href":"https:\/\/lvrgt.usthb.dz\/index.php\/wp-json\/wp\/v2\/pages"}],"about":[{"href":"https:\/\/lvrgt.usthb.dz\/index.php\/wp-json\/wp\/v2\/types\/page"}],"author":[{"embeddable":true,"href":"https:\/\/lvrgt.usthb.dz\/index.php\/wp-json\/wp\/v2\/users\/1"}],"replies":[{"embeddable":true,"href":"https:\/\/lvrgt.usthb.dz\/index.php\/wp-json\/wp\/v2\/comments?post=66"}],"version-history":[{"count":3,"href":"https:\/\/lvrgt.usthb.dz\/index.php\/wp-json\/wp\/v2\/pages\/66\/revisions"}],"predecessor-version":[{"id":281,"href":"https:\/\/lvrgt.usthb.dz\/index.php\/wp-json\/wp\/v2\/pages\/66\/revisions\/281"}],"wp:attachment":[{"href":"https:\/\/lvrgt.usthb.dz\/index.php\/wp-json\/wp\/v2\/media?parent=66"}],"curies":[{"name":"wp","href":"https:\/\/api.w.org\/{rel}","templated":true}]}}