{"id":88,"date":"2024-04-22T15:15:26","date_gmt":"2024-04-22T15:15:26","guid":{"rendered":"http:\/\/193.194.89.193\/wp_lvrgt\/?page_id=88"},"modified":"2024-11-12T13:54:49","modified_gmt":"2024-11-12T13:54:49","slug":"equipe-3","status":"publish","type":"page","link":"https:\/\/lvrgt.usthb.dz\/index.php\/equipe-3\/","title":{"rendered":"\u00c9quipe 3"},"content":{"rendered":"\n<p><strong>Am\u00e9nagement Touristique et Attractivit\u00e9 Territoriale en Alg\u00e9rie.<\/strong><\/p>\n\n\n\n<h3 class=\"wp-block-heading\">MEMBRES<\/h3>\n\n\n\n<p><strong>Chef d\u2019\u00e9quipe\u00a0:<\/strong>\u00a0Pr. REZZAZ Mohamed Abdessamed<\/p>\n\n\n\n<figure class=\"wp-block-table has-small-font-size\"><table><thead><tr><th><strong>Nom<\/strong><\/th><th><strong>Pr\u00e9nom<\/strong><\/th><th><strong>Grade<\/strong><\/th><th><strong>Structure de rattachement<\/strong><\/th><\/tr><\/thead><tbody><tr><td>REZZAZ<\/td><td>Mohamed Abdessamed<\/td><td>Professeur<\/td><td>USTHB<\/td><\/tr><tr><td>KHERROUR<\/td><td>Louerdi<\/td><td>MCA<\/td><td>USTHB<\/td><\/tr><tr><td>KEDDAM<\/td><td>Malika<\/td><td>MAA<\/td><td>USTHB<\/td><\/tr><tr><td>BENAISSA<\/td><td>Amel<\/td><td>MAA<\/td><td>USTHB<\/td><\/tr><\/tbody><\/table><\/figure>\n\n\n\n<p><strong>Doctorants:<\/strong><\/p>\n\n\n\n<figure class=\"wp-block-table has-small-font-size\"><table><thead><tr><th><strong>Nom<\/strong><\/th><th><strong>Pr\u00e9nom<\/strong><\/th><\/tr><\/thead><tbody><tr><td>BACHROUNE<\/td><td>Wissam<\/td><\/tr><tr><td>NAIM <\/td><td>A\/ Malek<\/td><\/tr><tr><td>BELLOULA<\/td><td>Zahra<\/td><\/tr><tr><td>BOULHILA<\/td><td>Sabrina<\/td><\/tr><tr><td>RABEHI<\/td><td>Sami Ahmed<\/td><\/tr><\/tbody><\/table><\/figure>\n","protected":false},"excerpt":{"rendered":"<p>Am\u00e9nagement Touristique et Attractivit\u00e9 Territoriale en Alg\u00e9rie. MEMBRES Chef d\u2019\u00e9quipe\u00a0:\u00a0Pr. REZZAZ Mohamed Abdessamed Nom Pr\u00e9nom Grade Structure de rattachement REZZAZ Mohamed Abdessamed Professeur USTHB KHERROUR Louerdi MCA USTHB KEDDAM Malika MAA USTHB BENAISSA Amel MAA USTHB Doctorants: Nom Pr\u00e9nom BACHROUNE <span class=\"readmore\"><a href=\"https:\/\/lvrgt.usthb.dz\/index.php\/equipe-3\/\">Continue Reading<\/a><\/span><\/p>\n","protected":false},"author":1,"featured_media":0,"parent":0,"menu_order":0,"comment_status":"closed","ping_status":"closed","template":"","meta":{"footnotes":""},"class_list":["post-88","page","type-page","status-publish","hentry"],"_links":{"self":[{"href":"https:\/\/lvrgt.usthb.dz\/index.php\/wp-json\/wp\/v2\/pages\/88","targetHints":{"allow":["GET"]}}],"collection":[{"href":"https:\/\/lvrgt.usthb.dz\/index.php\/wp-json\/wp\/v2\/pages"}],"about":[{"href":"https:\/\/lvrgt.usthb.dz\/index.php\/wp-json\/wp\/v2\/types\/page"}],"author":[{"embeddable":true,"href":"https:\/\/lvrgt.usthb.dz\/index.php\/wp-json\/wp\/v2\/users\/1"}],"replies":[{"embeddable":true,"href":"https:\/\/lvrgt.usthb.dz\/index.php\/wp-json\/wp\/v2\/comments?post=88"}],"version-history":[{"count":5,"href":"https:\/\/lvrgt.usthb.dz\/index.php\/wp-json\/wp\/v2\/pages\/88\/revisions"}],"predecessor-version":[{"id":237,"href":"https:\/\/lvrgt.usthb.dz\/index.php\/wp-json\/wp\/v2\/pages\/88\/revisions\/237"}],"wp:attachment":[{"href":"https:\/\/lvrgt.usthb.dz\/index.php\/wp-json\/wp\/v2\/media?parent=88"}],"curies":[{"name":"wp","href":"https:\/\/api.w.org\/{rel}","templated":true}]}}